{"id":21,"date":"2022-02-17T12:11:45","date_gmt":"2022-02-17T11:11:45","guid":{"rendered":"http:\/\/bmxlesclayes.fr\/?page_id=21"},"modified":"2024-02-15T17:18:01","modified_gmt":"2024-02-15T16:18:01","slug":"contact","status":"publish","type":"page","link":"https:\/\/bmxlesclayes.fr\/index.php\/contact\/","title":{"rendered":"Contact"},"content":{"rendered":"\n<div class=\"wp-block-columns is-layout-flex wp-container-core-columns-is-layout-9d6595d7 wp-block-columns-is-layout-flex\">\n<div class=\"wp-block-column is-layout-flow wp-block-column-is-layout-flow\">\n<h2 class=\"wp-block-heading\">Membres du bureau :<\/h2>\n\n\n\n<p><strong>Pr\u00e9sident : <\/strong>Nicolas Igl\u00e9sias<\/p>\n\n\n\n<p>president@bmxlesclayes.fr<\/p>\n\n\n\n<p><strong>Tr\u00e9sorier : Xavier Maindou<\/strong><\/p>\n\n\n\n<p>tresorier@bmxlesclayes.fr<\/p>\n\n\n\n<p><strong>Secr\u00e9taire : <\/strong>Xavier Maindou<\/p>\n\n\n\n<p><strong>Secr\u00e9taire adjoint : <\/strong><\/p>\n\n\n\n<p>secretaire@bmxlesclayes.fr<\/p>\n\n\n\n<p><strong>Engagements : Nicolas Iglesias<\/strong><\/p>\n\n\n\n<p>engagements@bmxlesclayes.fr<\/p>\n\n\n\n<p><strong>Vice pr\u00e9sident : <\/strong>Sacha Coutelas<\/p>\n\n\n\n<p>vice-presidence@bmxlesclayes.fr<\/p>\n\n\n\n<p><strong> Communication et community manager : <\/strong><\/p>\n\n\n\n<p>W<strong>ebmaster : <\/strong><\/p>\n\n\n\n<p>Animations : <\/p>\n\n\n\n<p><strong>Les membres du bureau :<\/strong><\/p>\n\n\n\n<p>bureau@bmxlesclayes.fr<\/p>\n\n\n\n<p><strong>Les entra\u00eeneurs :<\/strong><\/p>\n\n\n\n<p>entraineurs@bmxlesclayes.fr<\/p>\n<\/div>\n\n\n\n<div class=\"wp-block-column is-layout-flow wp-block-column-is-layout-flow\">\n<h2 class=\"wp-block-heading\">R\u00e9seaux Sociaux :<\/h2>\n\n\n\n<p>La page facebook du club :<\/p>\n\n\n\n<ul class=\"wp-block-social-links is-layout-flex wp-block-social-links-is-layout-flex\"><li class=\"wp-social-link wp-social-link-facebook  wp-block-social-link\"><a rel=\"noopener nofollow\" target=\"_blank\" href=\"https:\/\/www.facebook.com\/BMX-Les-Clayes-sous-bois-78340-636574873108029\" class=\"wp-block-social-link-anchor\"><svg width=\"24\" height=\"24\" viewBox=\"0 0 24 24\" version=\"1.1\" xmlns=\"http:\/\/www.w3.org\/2000\/svg\" aria-hidden=\"true\" focusable=\"false\"><path d=\"M12 2C6.5 2 2 6.5 2 12c0 5 3.7 9.1 8.4 9.9v-7H7.9V12h2.5V9.8c0-2.5 1.5-3.9 3.8-3.9 1.1 0 2.2.2 2.2.2v2.5h-1.3c-1.2 0-1.6.8-1.6 1.6V12h2.8l-.4 2.9h-2.3v7C18.3 21.1 22 17 22 12c0-5.5-4.5-10-10-10z\"><\/path><\/svg><span class=\"wp-block-social-link-label screen-reader-text\">Facebook<\/span><\/a><\/li><\/ul>\n\n\n\n<p>Le groupe facebook, r\u00e9serv\u00e9 aux membres du club :<\/p>\n\n\n\n<ul class=\"wp-block-social-links is-layout-flex wp-block-social-links-is-layout-flex\"><li class=\"wp-social-link wp-social-link-facebook  wp-block-social-link\"><a rel=\"noopener nofollow\" target=\"_blank\" href=\"https:\/\/www.facebook.com\/groups\/920419741425259\" class=\"wp-block-social-link-anchor\"><svg width=\"24\" height=\"24\" viewBox=\"0 0 24 24\" version=\"1.1\" xmlns=\"http:\/\/www.w3.org\/2000\/svg\" aria-hidden=\"true\" focusable=\"false\"><path d=\"M12 2C6.5 2 2 6.5 2 12c0 5 3.7 9.1 8.4 9.9v-7H7.9V12h2.5V9.8c0-2.5 1.5-3.9 3.8-3.9 1.1 0 2.2.2 2.2.2v2.5h-1.3c-1.2 0-1.6.8-1.6 1.6V12h2.8l-.4 2.9h-2.3v7C18.3 21.1 22 17 22 12c0-5.5-4.5-10-10-10z\"><\/path><\/svg><span class=\"wp-block-social-link-label screen-reader-text\">Facebook<\/span><\/a><\/li><\/ul>\n\n\n\n<p><\/p>\n\n\n\n<h2 class=\"wp-block-heading\">Adresse :<\/h2>\n\n\n\n<p>BMX Les Clayes sous Bois<\/p>\n\n\n\n<p>Parc Jean Carillon<\/p>\n\n\n\n<p>Chemin du Cormier<\/p>\n\n\n\n<p>78340 Les Clayes-sous-Bois<\/p>\n\n\n\n<p><\/p>\n<\/div>\n<\/div>\n\n\n\n<h2 class=\"wp-block-heading\">Nous contacter via formulaire :<\/h2>\n\n\n\n\n<div class=\"wpcf7 no-js\" id=\"wpcf7-f5-o1\" lang=\"fr-FR\" dir=\"ltr\" data-wpcf7-id=\"5\">\n<div class=\"screen-reader-response\"><p role=\"status\" aria-live=\"polite\" aria-atomic=\"true\"><\/p> <ul><\/ul><\/div>\n<form action=\"\/index.php\/wp-json\/wp\/v2\/pages\/21#wpcf7-f5-o1\" method=\"post\" class=\"wpcf7-form init\" aria-label=\"Formulaire de contact\" novalidate=\"novalidate\" data-status=\"init\">\n<fieldset class=\"hidden-fields-container\"><input type=\"hidden\" name=\"_wpcf7\" value=\"5\" \/><input type=\"hidden\" name=\"_wpcf7_version\" value=\"6.1.5\" \/><input type=\"hidden\" name=\"_wpcf7_locale\" value=\"fr_FR\" \/><input type=\"hidden\" name=\"_wpcf7_unit_tag\" value=\"wpcf7-f5-o1\" \/><input type=\"hidden\" name=\"_wpcf7_container_post\" value=\"0\" \/><input type=\"hidden\" name=\"_wpcf7_posted_data_hash\" value=\"\" \/>\n<\/fieldset>\n<p><label> Votre nom<br \/>\n<span class=\"wpcf7-form-control-wrap\" data-name=\"your-name\"><input size=\"40\" maxlength=\"400\" class=\"wpcf7-form-control wpcf7-text wpcf7-validates-as-required\" aria-required=\"true\" aria-invalid=\"false\" value=\"\" type=\"text\" name=\"your-name\" \/><\/span> <\/label>\n<\/p>\n<p><label> Votre e-mail<br \/>\n<span class=\"wpcf7-form-control-wrap\" data-name=\"your-email\"><input size=\"40\" maxlength=\"400\" class=\"wpcf7-form-control wpcf7-email wpcf7-validates-as-required wpcf7-text wpcf7-validates-as-email\" aria-required=\"true\" aria-invalid=\"false\" value=\"\" type=\"email\" name=\"your-email\" \/><\/span> <\/label>\n<\/p>\n<p><label> Objet<br \/>\n<span class=\"wpcf7-form-control-wrap\" data-name=\"your-subject\"><input size=\"40\" maxlength=\"400\" class=\"wpcf7-form-control wpcf7-text wpcf7-validates-as-required\" aria-required=\"true\" aria-invalid=\"false\" value=\"\" type=\"text\" name=\"your-subject\" \/><\/span> <\/label>\n<\/p>\n<p><label> Votre message (facultatif)<br \/>\n<span class=\"wpcf7-form-control-wrap\" data-name=\"your-message\"><textarea cols=\"40\" rows=\"10\" maxlength=\"2000\" class=\"wpcf7-form-control wpcf7-textarea\" aria-invalid=\"false\" name=\"your-message\"><\/textarea><\/span> <\/label>\n<\/p>\n<p><input class=\"wpcf7-form-control wpcf7-submit has-spinner\" type=\"submit\" value=\"Envoyer\" \/>\n<\/p><div class=\"wpcf7-response-output\" aria-hidden=\"true\"><\/div>\n<\/form>\n<\/div>\n\n","protected":false},"excerpt":{"rendered":"<p>Membres du bureau : Pr\u00e9sident : Nicolas Igl\u00e9sias president@bmxlesclayes.fr Tr\u00e9sorier : Xavier Maindou tresorier@bmxlesclayes.fr Secr\u00e9taire : Xavier Maindou Secr\u00e9taire adjoint : secretaire@bmxlesclayes.fr Engagements : Nicolas Iglesias engagements@bmxlesclayes.fr Vice pr\u00e9sident : Sacha Coutelas vice-presidence@bmxlesclayes.fr Communication et community manager : Webmaster : Animations : Les membres du bureau : bureau@bmxlesclayes.fr Les entra\u00eeneurs : entraineurs@bmxlesclayes.fr R\u00e9seaux Sociaux : [&hellip;]<\/p>\n","protected":false},"author":1,"featured_media":0,"parent":0,"menu_order":7,"comment_status":"closed","ping_status":"closed","template":"template-fullwidth.php","meta":{"ngg_post_thumbnail":0,"footnotes":""},"class_list":["post-21","page","type-page","status-publish","hentry"],"yoast_head":"<!-- This site is optimized with the Yoast SEO plugin v27.4 - https:\/\/yoast.com\/product\/yoast-seo-wordpress\/ -->\n<title>Contact - BMX Les Clayes \/ Bois<\/title>\n<meta name=\"robots\" content=\"index, follow, max-snippet:-1, max-image-preview:large, max-video-preview:-1\" \/>\n<link rel=\"canonical\" href=\"https:\/\/bmxlesclayes.fr\/index.php\/contact\/\" \/>\n<meta property=\"og:locale\" content=\"fr_FR\" \/>\n<meta property=\"og:type\" content=\"article\" \/>\n<meta property=\"og:title\" content=\"Contact - BMX Les Clayes \/ Bois\" \/>\n<meta property=\"og:description\" content=\"Membres du bureau : Pr\u00e9sident : Nicolas Igl\u00e9sias president@bmxlesclayes.fr Tr\u00e9sorier : Xavier Maindou tresorier@bmxlesclayes.fr Secr\u00e9taire : Xavier Maindou Secr\u00e9taire adjoint : secretaire@bmxlesclayes.fr Engagements : Nicolas Iglesias engagements@bmxlesclayes.fr Vice pr\u00e9sident : Sacha Coutelas vice-presidence@bmxlesclayes.fr Communication et community manager : Webmaster : Animations : Les membres du bureau : bureau@bmxlesclayes.fr Les entra\u00eeneurs : entraineurs@bmxlesclayes.fr R\u00e9seaux Sociaux : [&hellip;]\" \/>\n<meta property=\"og:url\" content=\"https:\/\/bmxlesclayes.fr\/index.php\/contact\/\" \/>\n<meta property=\"og:site_name\" content=\"BMX Les Clayes \/ Bois\" \/>\n<meta property=\"article:modified_time\" content=\"2024-02-15T16:18:01+00:00\" \/>\n<meta name=\"twitter:card\" content=\"summary_large_image\" \/>\n<meta name=\"twitter:label1\" content=\"Dur\u00e9e de lecture estim\u00e9e\" \/>\n\t<meta name=\"twitter:data1\" content=\"1 minute\" \/>\n<script type=\"application\/ld+json\" class=\"yoast-schema-graph\">{\"@context\":\"https:\\\/\\\/schema.org\",\"@graph\":[{\"@type\":\"WebPage\",\"@id\":\"https:\\\/\\\/bmxlesclayes.fr\\\/index.php\\\/contact\\\/\",\"url\":\"https:\\\/\\\/bmxlesclayes.fr\\\/index.php\\\/contact\\\/\",\"name\":\"Contact - BMX Les Clayes \\\/ Bois\",\"isPartOf\":{\"@id\":\"https:\\\/\\\/bmxlesclayes.fr\\\/#website\"},\"datePublished\":\"2022-02-17T11:11:45+00:00\",\"dateModified\":\"2024-02-15T16:18:01+00:00\",\"breadcrumb\":{\"@id\":\"https:\\\/\\\/bmxlesclayes.fr\\\/index.php\\\/contact\\\/#breadcrumb\"},\"inLanguage\":\"fr-FR\",\"potentialAction\":[{\"@type\":\"ReadAction\",\"target\":[\"https:\\\/\\\/bmxlesclayes.fr\\\/index.php\\\/contact\\\/\"]}]},{\"@type\":\"BreadcrumbList\",\"@id\":\"https:\\\/\\\/bmxlesclayes.fr\\\/index.php\\\/contact\\\/#breadcrumb\",\"itemListElement\":[{\"@type\":\"ListItem\",\"position\":1,\"name\":\"Accueil\",\"item\":\"https:\\\/\\\/bmxlesclayes.fr\\\/\"},{\"@type\":\"ListItem\",\"position\":2,\"name\":\"Contact\"}]},{\"@type\":\"WebSite\",\"@id\":\"https:\\\/\\\/bmxlesclayes.fr\\\/#website\",\"url\":\"https:\\\/\\\/bmxlesclayes.fr\\\/\",\"name\":\"BMX Les Clayes \\\/ Bois\",\"description\":\"BMX Les Clayes-sous-Bois\",\"publisher\":{\"@id\":\"https:\\\/\\\/bmxlesclayes.fr\\\/#organization\"},\"potentialAction\":[{\"@type\":\"SearchAction\",\"target\":{\"@type\":\"EntryPoint\",\"urlTemplate\":\"https:\\\/\\\/bmxlesclayes.fr\\\/?s={search_term_string}\"},\"query-input\":{\"@type\":\"PropertyValueSpecification\",\"valueRequired\":true,\"valueName\":\"search_term_string\"}}],\"inLanguage\":\"fr-FR\"},{\"@type\":\"Organization\",\"@id\":\"https:\\\/\\\/bmxlesclayes.fr\\\/#organization\",\"name\":\"BMX Les Clayes \\\/ Bois\",\"url\":\"https:\\\/\\\/bmxlesclayes.fr\\\/\",\"logo\":{\"@type\":\"ImageObject\",\"inLanguage\":\"fr-FR\",\"@id\":\"https:\\\/\\\/bmxlesclayes.fr\\\/#\\\/schema\\\/logo\\\/image\\\/\",\"url\":\"https:\\\/\\\/bmxlesclayes.fr\\\/wp-content\\\/uploads\\\/2022\\\/03\\\/cropped-icon-site-2-1.png\",\"contentUrl\":\"https:\\\/\\\/bmxlesclayes.fr\\\/wp-content\\\/uploads\\\/2022\\\/03\\\/cropped-icon-site-2-1.png\",\"width\":1264,\"height\":489,\"caption\":\"BMX Les Clayes \\\/ Bois\"},\"image\":{\"@id\":\"https:\\\/\\\/bmxlesclayes.fr\\\/#\\\/schema\\\/logo\\\/image\\\/\"}}]}<\/script>\n<!-- \/ Yoast SEO plugin. -->","yoast_head_json":{"title":"Contact - BMX Les Clayes \/ Bois","robots":{"index":"index","follow":"follow","max-snippet":"max-snippet:-1","max-image-preview":"max-image-preview:large","max-video-preview":"max-video-preview:-1"},"canonical":"https:\/\/bmxlesclayes.fr\/index.php\/contact\/","og_locale":"fr_FR","og_type":"article","og_title":"Contact - BMX Les Clayes \/ Bois","og_description":"Membres du bureau : Pr\u00e9sident : Nicolas Igl\u00e9sias president@bmxlesclayes.fr Tr\u00e9sorier : Xavier Maindou tresorier@bmxlesclayes.fr Secr\u00e9taire : Xavier Maindou Secr\u00e9taire adjoint : secretaire@bmxlesclayes.fr Engagements : Nicolas Iglesias engagements@bmxlesclayes.fr Vice pr\u00e9sident : Sacha Coutelas vice-presidence@bmxlesclayes.fr Communication et community manager : Webmaster : Animations : Les membres du bureau : bureau@bmxlesclayes.fr Les entra\u00eeneurs : entraineurs@bmxlesclayes.fr R\u00e9seaux Sociaux : [&hellip;]","og_url":"https:\/\/bmxlesclayes.fr\/index.php\/contact\/","og_site_name":"BMX Les Clayes \/ Bois","article_modified_time":"2024-02-15T16:18:01+00:00","twitter_card":"summary_large_image","twitter_misc":{"Dur\u00e9e de lecture estim\u00e9e":"1 minute"},"schema":{"@context":"https:\/\/schema.org","@graph":[{"@type":"WebPage","@id":"https:\/\/bmxlesclayes.fr\/index.php\/contact\/","url":"https:\/\/bmxlesclayes.fr\/index.php\/contact\/","name":"Contact - BMX Les Clayes \/ Bois","isPartOf":{"@id":"https:\/\/bmxlesclayes.fr\/#website"},"datePublished":"2022-02-17T11:11:45+00:00","dateModified":"2024-02-15T16:18:01+00:00","breadcrumb":{"@id":"https:\/\/bmxlesclayes.fr\/index.php\/contact\/#breadcrumb"},"inLanguage":"fr-FR","potentialAction":[{"@type":"ReadAction","target":["https:\/\/bmxlesclayes.fr\/index.php\/contact\/"]}]},{"@type":"BreadcrumbList","@id":"https:\/\/bmxlesclayes.fr\/index.php\/contact\/#breadcrumb","itemListElement":[{"@type":"ListItem","position":1,"name":"Accueil","item":"https:\/\/bmxlesclayes.fr\/"},{"@type":"ListItem","position":2,"name":"Contact"}]},{"@type":"WebSite","@id":"https:\/\/bmxlesclayes.fr\/#website","url":"https:\/\/bmxlesclayes.fr\/","name":"BMX Les Clayes \/ Bois","description":"BMX Les Clayes-sous-Bois","publisher":{"@id":"https:\/\/bmxlesclayes.fr\/#organization"},"potentialAction":[{"@type":"SearchAction","target":{"@type":"EntryPoint","urlTemplate":"https:\/\/bmxlesclayes.fr\/?s={search_term_string}"},"query-input":{"@type":"PropertyValueSpecification","valueRequired":true,"valueName":"search_term_string"}}],"inLanguage":"fr-FR"},{"@type":"Organization","@id":"https:\/\/bmxlesclayes.fr\/#organization","name":"BMX Les Clayes \/ Bois","url":"https:\/\/bmxlesclayes.fr\/","logo":{"@type":"ImageObject","inLanguage":"fr-FR","@id":"https:\/\/bmxlesclayes.fr\/#\/schema\/logo\/image\/","url":"https:\/\/bmxlesclayes.fr\/wp-content\/uploads\/2022\/03\/cropped-icon-site-2-1.png","contentUrl":"https:\/\/bmxlesclayes.fr\/wp-content\/uploads\/2022\/03\/cropped-icon-site-2-1.png","width":1264,"height":489,"caption":"BMX Les Clayes \/ Bois"},"image":{"@id":"https:\/\/bmxlesclayes.fr\/#\/schema\/logo\/image\/"}}]}},"_links":{"self":[{"href":"https:\/\/bmxlesclayes.fr\/index.php\/wp-json\/wp\/v2\/pages\/21","targetHints":{"allow":["GET"]}}],"collection":[{"href":"https:\/\/bmxlesclayes.fr\/index.php\/wp-json\/wp\/v2\/pages"}],"about":[{"href":"https:\/\/bmxlesclayes.fr\/index.php\/wp-json\/wp\/v2\/types\/page"}],"author":[{"embeddable":true,"href":"https:\/\/bmxlesclayes.fr\/index.php\/wp-json\/wp\/v2\/users\/1"}],"replies":[{"embeddable":true,"href":"https:\/\/bmxlesclayes.fr\/index.php\/wp-json\/wp\/v2\/comments?post=21"}],"version-history":[{"count":9,"href":"https:\/\/bmxlesclayes.fr\/index.php\/wp-json\/wp\/v2\/pages\/21\/revisions"}],"predecessor-version":[{"id":1552,"href":"https:\/\/bmxlesclayes.fr\/index.php\/wp-json\/wp\/v2\/pages\/21\/revisions\/1552"}],"wp:attachment":[{"href":"https:\/\/bmxlesclayes.fr\/index.php\/wp-json\/wp\/v2\/media?parent=21"}],"curies":[{"name":"wp","href":"https:\/\/api.w.org\/{rel}","templated":true}]}}