{"id":16,"date":"2022-02-17T12:08:49","date_gmt":"2022-02-17T11:08:49","guid":{"rendered":"http:\/\/bmxlesclayes.fr\/?page_id=16"},"modified":"2023-12-03T19:07:18","modified_gmt":"2023-12-03T18:07:18","slug":"infos-pratiques","status":"publish","type":"page","link":"https:\/\/bmxlesclayes.fr\/index.php\/infos-pratiques\/","title":{"rendered":"Infos pratiques"},"content":{"rendered":"\n<h2 class=\"wp-block-heading\">Inscriptions et r\u00e9inscriptions saison 2023 \/ 2024 :<\/h2>\n\n\n\n<figure class=\"wp-block-image size-full\"><img loading=\"lazy\" decoding=\"async\" width=\"553\" height=\"792\" src=\"https:\/\/bmxlesclayes.fr\/wp-content\/uploads\/2023\/06\/Infos-1.png\" alt=\"\" class=\"wp-image-1273\" srcset=\"https:\/\/bmxlesclayes.fr\/wp-content\/uploads\/2023\/06\/Infos-1.png 553w, https:\/\/bmxlesclayes.fr\/wp-content\/uploads\/2023\/06\/Infos-1-209x300.png 209w\" sizes=\"auto, (max-width: 553px) 100vw, 553px\" \/><\/figure>\n\n\n\n<h2 class=\"wp-block-heading\">Entrainements :<\/h2>\n\n\n\n<div class=\"wp-block-columns are-vertically-aligned-center is-layout-flex wp-container-core-columns-is-layout-9d6595d7 wp-block-columns-is-layout-flex\">\n<div class=\"wp-block-column is-vertically-aligned-center is-layout-flow wp-block-column-is-layout-flow\" style=\"flex-basis:100%\">\n<div class=\"wp-block-columns are-vertically-aligned-center is-layout-flex wp-container-core-columns-is-layout-9d6595d7 wp-block-columns-is-layout-flex\">\n<div class=\"wp-block-column is-vertically-aligned-center is-layout-flow wp-block-column-is-layout-flow\" style=\"flex-basis:100%\">\n<div class=\"wp-block-group\"><div class=\"wp-block-group__inner-container is-layout-flow wp-block-group-is-layout-flow\">\n<div class=\"wp-block-columns is-layout-flex wp-container-core-columns-is-layout-9d6595d7 wp-block-columns-is-layout-flex\">\n<div class=\"wp-block-column is-layout-flow wp-block-column-is-layout-flow\" style=\"flex-basis:100%\">\n<div class=\"wp-block-group\"><div class=\"wp-block-group__inner-container is-layout-flow wp-block-group-is-layout-flow\">\n<div class=\"wp-block-columns is-layout-flex wp-container-core-columns-is-layout-9d6595d7 wp-block-columns-is-layout-flex\">\n<div class=\"wp-block-column is-layout-flow wp-block-column-is-layout-flow\" style=\"flex-basis:100%\">\n<figure class=\"wp-block-table is-style-stripes\"><table class=\"has-fixed-layout\"><tbody><tr><td class=\"has-text-align-center\" data-align=\"center\"><strong>LUNDI<\/strong><\/td><td class=\"has-text-align-center\" data-align=\"center\"><strong>MARDI<\/strong><\/td><td class=\"has-text-align-center\" data-align=\"center\"><strong>MERCREDI<\/strong><\/td><td class=\"has-text-align-center\" data-align=\"center\"><strong>JEUDI<\/strong><\/td><td class=\"has-text-align-center\" data-align=\"center\"><strong>VENDREDI<\/strong><\/td><td class=\"has-text-align-center\" data-align=\"center\"><strong>SAMEDI<\/strong><\/td><td class=\"has-text-align-center\" data-align=\"center\"><strong>DIMANCHE<\/strong><\/td><\/tr><tr><td class=\"has-text-align-center\" data-align=\"center\">&#8211;<\/td><td class=\"has-text-align-center\" data-align=\"center\">Roulage libre <br>ouvert \u00e0 tous<br>19h00 &#8211; 20h30<br>Pilotes ext\u00e9rieurs accept\u00e9s sur pr\u00e9sentation de licence FFC<\/td><td class=\"has-text-align-center\" data-align=\"center\">Entrainement comp\u00e9tition petits, moyens et grands<br>19h &#8211; 20h30<\/td><td class=\"has-text-align-center\" data-align=\"center\">Entrainement comp\u00e9tition +<br>19h &#8211; 20h30<\/td><td class=\"has-text-align-center\" data-align=\"center\">&#8211;<\/td><td class=\"has-text-align-center\" data-align=\"center\">Entrainement Adulte Loisir<br>10h00 &#8211; 11h30<br><br>Entrainement groupes 1 \u00e0 3<br>1400 &#8211; 15h30<br><br>Entrainement groupes 4 et 5<br>15h30 &#8211; 17h<\/td><td class=\"has-text-align-center\" data-align=\"center\">&#8211;<\/td><\/tr><\/tbody><\/table><figcaption class=\"wp-element-caption\">Des ouvertures libres sont parfois propos\u00e9es pendant les vacances. Des animations ont lieu chaque mois. Actualit\u00e9 \u00e0 suivre sur le groupe facebook.<\/figcaption><\/figure>\n<\/div>\n<\/div>\n<\/div><\/div>\n<\/div>\n<\/div>\n<\/div><\/div>\n<\/div>\n<\/div>\n<\/div>\n<\/div>\n\n\n\n<p><\/p>\n\n\n\n<figure class=\"wp-block-image size-full\"><img loading=\"lazy\" decoding=\"async\" width=\"554\" height=\"807\" src=\"https:\/\/bmxlesclayes.fr\/wp-content\/uploads\/2023\/09\/Planning-ouvertures.png\" alt=\"\" class=\"wp-image-1343\" srcset=\"https:\/\/bmxlesclayes.fr\/wp-content\/uploads\/2023\/09\/Planning-ouvertures.png 554w, https:\/\/bmxlesclayes.fr\/wp-content\/uploads\/2023\/09\/Planning-ouvertures-206x300.png 206w\" sizes=\"auto, (max-width: 554px) 100vw, 554px\" \/><\/figure>\n\n\n\n<p>Le planning d\u00e9taill\u00e9 et qui sera mis \u00e0 jour est \u00e0 retrouver ici :<\/p>\n\n\n\n<p><a href=\"https:\/\/docs.google.com\/spreadsheets\/d\/1919iPwDZTYoaX6nJ_Wg65kKerp_deT_JiHjZImooPW4\/edit?usp=sharing\">https:\/\/docs.google.com\/spreadsheets\/d\/1919iPwDZTYoaX6nJ_Wg65kKerp_deT_JiHjZImooPW4\/edit?usp=sharing<\/a><\/p>\n","protected":false},"excerpt":{"rendered":"<p>Inscriptions et r\u00e9inscriptions saison 2023 \/ 2024 : Entrainements : LUNDI MARDI MERCREDI JEUDI VENDREDI SAMEDI DIMANCHE &#8211; Roulage libre ouvert \u00e0 tous19h00 &#8211; 20h30Pilotes ext\u00e9rieurs accept\u00e9s sur pr\u00e9sentation de licence FFC Entrainement comp\u00e9tition petits, moyens et grands19h &#8211; 20h30 Entrainement comp\u00e9tition +19h &#8211; 20h30 &#8211; Entrainement Adulte Loisir10h00 &#8211; 11h30 Entrainement groupes 1 \u00e0 [&hellip;]<\/p>\n","protected":false},"author":1,"featured_media":0,"parent":0,"menu_order":3,"comment_status":"closed","ping_status":"closed","template":"template-fullwidth.php","meta":{"ngg_post_thumbnail":0,"footnotes":""},"class_list":["post-16","page","type-page","status-publish","hentry"],"yoast_head":"<!-- This site is optimized with the Yoast SEO plugin v27.6 - https:\/\/yoast.com\/product\/yoast-seo-wordpress\/ -->\n<title>Infos pratiques - BMX Les Clayes \/ Bois<\/title>\n<meta name=\"robots\" content=\"index, follow, max-snippet:-1, max-image-preview:large, max-video-preview:-1\" \/>\n<link rel=\"canonical\" href=\"https:\/\/bmxlesclayes.fr\/index.php\/infos-pratiques\/\" \/>\n<meta property=\"og:locale\" content=\"fr_FR\" \/>\n<meta property=\"og:type\" content=\"article\" \/>\n<meta property=\"og:title\" content=\"Infos pratiques - BMX Les Clayes \/ Bois\" \/>\n<meta property=\"og:description\" content=\"Inscriptions et r\u00e9inscriptions saison 2023 \/ 2024 : Entrainements : LUNDI MARDI MERCREDI JEUDI VENDREDI SAMEDI DIMANCHE &#8211; Roulage libre ouvert \u00e0 tous19h00 &#8211; 20h30Pilotes ext\u00e9rieurs accept\u00e9s sur pr\u00e9sentation de licence FFC Entrainement comp\u00e9tition petits, moyens et grands19h &#8211; 20h30 Entrainement comp\u00e9tition +19h &#8211; 20h30 &#8211; Entrainement Adulte Loisir10h00 &#8211; 11h30 Entrainement groupes 1 \u00e0 [&hellip;]\" \/>\n<meta property=\"og:url\" content=\"https:\/\/bmxlesclayes.fr\/index.php\/infos-pratiques\/\" \/>\n<meta property=\"og:site_name\" content=\"BMX Les Clayes \/ Bois\" \/>\n<meta property=\"article:modified_time\" content=\"2023-12-03T18:07:18+00:00\" \/>\n<meta property=\"og:image\" content=\"https:\/\/bmxlesclayes.fr\/wp-content\/uploads\/2023\/06\/Infos-1.png\" \/>\n<meta name=\"twitter:card\" content=\"summary_large_image\" \/>\n<meta name=\"twitter:label1\" content=\"Dur\u00e9e de lecture estim\u00e9e\" \/>\n\t<meta name=\"twitter:data1\" content=\"1 minute\" \/>\n<script type=\"application\/ld+json\" class=\"yoast-schema-graph\">{\"@context\":\"https:\\\/\\\/schema.org\",\"@graph\":[{\"@type\":\"WebPage\",\"@id\":\"https:\\\/\\\/bmxlesclayes.fr\\\/index.php\\\/infos-pratiques\\\/\",\"url\":\"https:\\\/\\\/bmxlesclayes.fr\\\/index.php\\\/infos-pratiques\\\/\",\"name\":\"Infos pratiques - BMX Les Clayes \\\/ Bois\",\"isPartOf\":{\"@id\":\"https:\\\/\\\/bmxlesclayes.fr\\\/#website\"},\"primaryImageOfPage\":{\"@id\":\"https:\\\/\\\/bmxlesclayes.fr\\\/index.php\\\/infos-pratiques\\\/#primaryimage\"},\"image\":{\"@id\":\"https:\\\/\\\/bmxlesclayes.fr\\\/index.php\\\/infos-pratiques\\\/#primaryimage\"},\"thumbnailUrl\":\"https:\\\/\\\/bmxlesclayes.fr\\\/wp-content\\\/uploads\\\/2023\\\/06\\\/Infos-1.png\",\"datePublished\":\"2022-02-17T11:08:49+00:00\",\"dateModified\":\"2023-12-03T18:07:18+00:00\",\"breadcrumb\":{\"@id\":\"https:\\\/\\\/bmxlesclayes.fr\\\/index.php\\\/infos-pratiques\\\/#breadcrumb\"},\"inLanguage\":\"fr-FR\",\"potentialAction\":[{\"@type\":\"ReadAction\",\"target\":[\"https:\\\/\\\/bmxlesclayes.fr\\\/index.php\\\/infos-pratiques\\\/\"]}]},{\"@type\":\"ImageObject\",\"inLanguage\":\"fr-FR\",\"@id\":\"https:\\\/\\\/bmxlesclayes.fr\\\/index.php\\\/infos-pratiques\\\/#primaryimage\",\"url\":\"https:\\\/\\\/bmxlesclayes.fr\\\/wp-content\\\/uploads\\\/2023\\\/06\\\/Infos-1.png\",\"contentUrl\":\"https:\\\/\\\/bmxlesclayes.fr\\\/wp-content\\\/uploads\\\/2023\\\/06\\\/Infos-1.png\",\"width\":553,\"height\":792},{\"@type\":\"BreadcrumbList\",\"@id\":\"https:\\\/\\\/bmxlesclayes.fr\\\/index.php\\\/infos-pratiques\\\/#breadcrumb\",\"itemListElement\":[{\"@type\":\"ListItem\",\"position\":1,\"name\":\"Accueil\",\"item\":\"https:\\\/\\\/bmxlesclayes.fr\\\/\"},{\"@type\":\"ListItem\",\"position\":2,\"name\":\"Infos pratiques\"}]},{\"@type\":\"WebSite\",\"@id\":\"https:\\\/\\\/bmxlesclayes.fr\\\/#website\",\"url\":\"https:\\\/\\\/bmxlesclayes.fr\\\/\",\"name\":\"BMX Les Clayes \\\/ Bois\",\"description\":\"BMX Les Clayes-sous-Bois\",\"publisher\":{\"@id\":\"https:\\\/\\\/bmxlesclayes.fr\\\/#organization\"},\"potentialAction\":[{\"@type\":\"SearchAction\",\"target\":{\"@type\":\"EntryPoint\",\"urlTemplate\":\"https:\\\/\\\/bmxlesclayes.fr\\\/?s={search_term_string}\"},\"query-input\":{\"@type\":\"PropertyValueSpecification\",\"valueRequired\":true,\"valueName\":\"search_term_string\"}}],\"inLanguage\":\"fr-FR\"},{\"@type\":\"Organization\",\"@id\":\"https:\\\/\\\/bmxlesclayes.fr\\\/#organization\",\"name\":\"BMX Les Clayes \\\/ Bois\",\"url\":\"https:\\\/\\\/bmxlesclayes.fr\\\/\",\"logo\":{\"@type\":\"ImageObject\",\"inLanguage\":\"fr-FR\",\"@id\":\"https:\\\/\\\/bmxlesclayes.fr\\\/#\\\/schema\\\/logo\\\/image\\\/\",\"url\":\"https:\\\/\\\/bmxlesclayes.fr\\\/wp-content\\\/uploads\\\/2022\\\/03\\\/cropped-icon-site-2-1.png\",\"contentUrl\":\"https:\\\/\\\/bmxlesclayes.fr\\\/wp-content\\\/uploads\\\/2022\\\/03\\\/cropped-icon-site-2-1.png\",\"width\":1264,\"height\":489,\"caption\":\"BMX Les Clayes \\\/ Bois\"},\"image\":{\"@id\":\"https:\\\/\\\/bmxlesclayes.fr\\\/#\\\/schema\\\/logo\\\/image\\\/\"}}]}<\/script>\n<!-- \/ Yoast SEO plugin. -->","yoast_head_json":{"title":"Infos pratiques - BMX Les Clayes \/ Bois","robots":{"index":"index","follow":"follow","max-snippet":"max-snippet:-1","max-image-preview":"max-image-preview:large","max-video-preview":"max-video-preview:-1"},"canonical":"https:\/\/bmxlesclayes.fr\/index.php\/infos-pratiques\/","og_locale":"fr_FR","og_type":"article","og_title":"Infos pratiques - BMX Les Clayes \/ Bois","og_description":"Inscriptions et r\u00e9inscriptions saison 2023 \/ 2024 : Entrainements : LUNDI MARDI MERCREDI JEUDI VENDREDI SAMEDI DIMANCHE &#8211; Roulage libre ouvert \u00e0 tous19h00 &#8211; 20h30Pilotes ext\u00e9rieurs accept\u00e9s sur pr\u00e9sentation de licence FFC Entrainement comp\u00e9tition petits, moyens et grands19h &#8211; 20h30 Entrainement comp\u00e9tition +19h &#8211; 20h30 &#8211; Entrainement Adulte Loisir10h00 &#8211; 11h30 Entrainement groupes 1 \u00e0 [&hellip;]","og_url":"https:\/\/bmxlesclayes.fr\/index.php\/infos-pratiques\/","og_site_name":"BMX Les Clayes \/ Bois","article_modified_time":"2023-12-03T18:07:18+00:00","og_image":[{"url":"https:\/\/bmxlesclayes.fr\/wp-content\/uploads\/2023\/06\/Infos-1.png","type":"","width":"","height":""}],"twitter_card":"summary_large_image","twitter_misc":{"Dur\u00e9e de lecture estim\u00e9e":"1 minute"},"schema":{"@context":"https:\/\/schema.org","@graph":[{"@type":"WebPage","@id":"https:\/\/bmxlesclayes.fr\/index.php\/infos-pratiques\/","url":"https:\/\/bmxlesclayes.fr\/index.php\/infos-pratiques\/","name":"Infos pratiques - BMX Les Clayes \/ Bois","isPartOf":{"@id":"https:\/\/bmxlesclayes.fr\/#website"},"primaryImageOfPage":{"@id":"https:\/\/bmxlesclayes.fr\/index.php\/infos-pratiques\/#primaryimage"},"image":{"@id":"https:\/\/bmxlesclayes.fr\/index.php\/infos-pratiques\/#primaryimage"},"thumbnailUrl":"https:\/\/bmxlesclayes.fr\/wp-content\/uploads\/2023\/06\/Infos-1.png","datePublished":"2022-02-17T11:08:49+00:00","dateModified":"2023-12-03T18:07:18+00:00","breadcrumb":{"@id":"https:\/\/bmxlesclayes.fr\/index.php\/infos-pratiques\/#breadcrumb"},"inLanguage":"fr-FR","potentialAction":[{"@type":"ReadAction","target":["https:\/\/bmxlesclayes.fr\/index.php\/infos-pratiques\/"]}]},{"@type":"ImageObject","inLanguage":"fr-FR","@id":"https:\/\/bmxlesclayes.fr\/index.php\/infos-pratiques\/#primaryimage","url":"https:\/\/bmxlesclayes.fr\/wp-content\/uploads\/2023\/06\/Infos-1.png","contentUrl":"https:\/\/bmxlesclayes.fr\/wp-content\/uploads\/2023\/06\/Infos-1.png","width":553,"height":792},{"@type":"BreadcrumbList","@id":"https:\/\/bmxlesclayes.fr\/index.php\/infos-pratiques\/#breadcrumb","itemListElement":[{"@type":"ListItem","position":1,"name":"Accueil","item":"https:\/\/bmxlesclayes.fr\/"},{"@type":"ListItem","position":2,"name":"Infos pratiques"}]},{"@type":"WebSite","@id":"https:\/\/bmxlesclayes.fr\/#website","url":"https:\/\/bmxlesclayes.fr\/","name":"BMX Les Clayes \/ Bois","description":"BMX Les Clayes-sous-Bois","publisher":{"@id":"https:\/\/bmxlesclayes.fr\/#organization"},"potentialAction":[{"@type":"SearchAction","target":{"@type":"EntryPoint","urlTemplate":"https:\/\/bmxlesclayes.fr\/?s={search_term_string}"},"query-input":{"@type":"PropertyValueSpecification","valueRequired":true,"valueName":"search_term_string"}}],"inLanguage":"fr-FR"},{"@type":"Organization","@id":"https:\/\/bmxlesclayes.fr\/#organization","name":"BMX Les Clayes \/ Bois","url":"https:\/\/bmxlesclayes.fr\/","logo":{"@type":"ImageObject","inLanguage":"fr-FR","@id":"https:\/\/bmxlesclayes.fr\/#\/schema\/logo\/image\/","url":"https:\/\/bmxlesclayes.fr\/wp-content\/uploads\/2022\/03\/cropped-icon-site-2-1.png","contentUrl":"https:\/\/bmxlesclayes.fr\/wp-content\/uploads\/2022\/03\/cropped-icon-site-2-1.png","width":1264,"height":489,"caption":"BMX Les Clayes \/ Bois"},"image":{"@id":"https:\/\/bmxlesclayes.fr\/#\/schema\/logo\/image\/"}}]}},"_links":{"self":[{"href":"https:\/\/bmxlesclayes.fr\/index.php\/wp-json\/wp\/v2\/pages\/16","targetHints":{"allow":["GET"]}}],"collection":[{"href":"https:\/\/bmxlesclayes.fr\/index.php\/wp-json\/wp\/v2\/pages"}],"about":[{"href":"https:\/\/bmxlesclayes.fr\/index.php\/wp-json\/wp\/v2\/types\/page"}],"author":[{"embeddable":true,"href":"https:\/\/bmxlesclayes.fr\/index.php\/wp-json\/wp\/v2\/users\/1"}],"replies":[{"embeddable":true,"href":"https:\/\/bmxlesclayes.fr\/index.php\/wp-json\/wp\/v2\/comments?post=16"}],"version-history":[{"count":13,"href":"https:\/\/bmxlesclayes.fr\/index.php\/wp-json\/wp\/v2\/pages\/16\/revisions"}],"predecessor-version":[{"id":1529,"href":"https:\/\/bmxlesclayes.fr\/index.php\/wp-json\/wp\/v2\/pages\/16\/revisions\/1529"}],"wp:attachment":[{"href":"https:\/\/bmxlesclayes.fr\/index.php\/wp-json\/wp\/v2\/media?parent=16"}],"curies":[{"name":"wp","href":"https:\/\/api.w.org\/{rel}","templated":true}]}}