{"id":14,"date":"2022-02-17T12:07:30","date_gmt":"2022-02-17T11:07:30","guid":{"rendered":"http:\/\/bmxlesclayes.fr\/?page_id=14"},"modified":"2023-11-19T18:34:40","modified_gmt":"2023-11-19T17:34:40","slug":"competitions","status":"publish","type":"page","link":"https:\/\/bmxlesclayes.fr\/index.php\/competitions\/","title":{"rendered":"Comp\u00e9titions"},"content":{"rendered":"\n<h2 class=\"wp-block-heading\">Halloween cup Compi\u00e8gne 2023<\/h2>\n\n\n\n<p>Derni\u00e8re course de la saison 2023 sur la magnifique piste de Compi\u00e8gne pour l&rsquo;halloween cup 20\u00e8me \u00e9dition, un peu de pluie aux essais en d\u00e9but d&rsquo;apr\u00e8s midi puis une belle \u00e9claircie pour le reste de la journ\u00e9e et de la nuit <img loading=\"lazy\" decoding=\"async\" height=\"16\" width=\"16\" src=\"https:\/\/static.xx.fbcdn.net\/images\/emoji.php\/v9\/t53\/1\/16\/1f605.png\" alt=\"\ud83d\ude05\"> et surtout pas de vent <img loading=\"lazy\" decoding=\"async\" height=\"16\" width=\"16\" src=\"https:\/\/static.xx.fbcdn.net\/images\/emoji.php\/v9\/tb6\/1\/16\/1f44c_1f3fb.png\" alt=\"\ud83d\udc4c\ud83c\udffb\">. Malgr\u00e9 les retards et la fra\u00eecheur automnale ce fut une belle \u00e9dition et nos pilotes n&rsquo;ont pas d\u00e9m\u00e9rit\u00e9es, 8 \u00e9tait au d\u00e9part : Pablo Garrido &#8211; Le\u00efa Balcou &#8211; Na\u00ebl Grimaldi &#8211; Ama\u00ebl Balcou &#8211; Liam Grimaldi &#8211; Adam Samba &#8211; Pablo Iglesias &#8211; Nicolas Iglesias.<\/p>\n\n\n\n<p>4 podiums : <\/p>\n\n\n\n<p>P1 pour Ama\u00ebl pour sa derni\u00e8re course U15<\/p>\n\n\n\n<p>P2 pour Pablo en ann\u00e9e faible <img loading=\"lazy\" decoding=\"async\" height=\"16\" width=\"16\" src=\"https:\/\/static.xx.fbcdn.net\/images\/emoji.php\/v9\/t68\/1\/16\/1f4aa_1f3fc.png\" alt=\"\ud83d\udcaa\ud83c\udffc\"> U11<\/p>\n\n\n\n<p>P2 pour Niko auteur d&rsquo;un d\u00e9part canon en finale<\/p>\n\n\n\n<p>P3 pour Le\u00efa en U11<\/p>\n\n\n\n<p>1\/2 pour Pablo et Adam et Na\u00ebl,<\/p>\n\n\n\n<p>1\/4 pour Liam<\/p>\n\n\n\n<figure class=\"wp-block-image size-large\"><img loading=\"lazy\" decoding=\"async\" width=\"473\" height=\"1024\" src=\"https:\/\/bmxlesclayes.fr\/wp-content\/uploads\/2023\/11\/IMG_6287-473x1024.jpg\" alt=\"\" class=\"wp-image-1523\" srcset=\"https:\/\/bmxlesclayes.fr\/wp-content\/uploads\/2023\/11\/IMG_6287-473x1024.jpg 473w, https:\/\/bmxlesclayes.fr\/wp-content\/uploads\/2023\/11\/IMG_6287-139x300.jpg 139w, https:\/\/bmxlesclayes.fr\/wp-content\/uploads\/2023\/11\/IMG_6287-768x1663.jpg 768w, https:\/\/bmxlesclayes.fr\/wp-content\/uploads\/2023\/11\/IMG_6287-710x1536.jpg 710w, https:\/\/bmxlesclayes.fr\/wp-content\/uploads\/2023\/11\/IMG_6287.jpg 946w\" sizes=\"auto, (max-width: 473px) 100vw, 473px\" \/><\/figure>\n\n\n\n<h2 class=\"wp-block-heading\">R\u00e9gionale Sucy en Brie 2023<\/h2>\n\n\n\n<figure class=\"wp-block-image size-large\"><img loading=\"lazy\" decoding=\"async\" width=\"1024\" height=\"683\" src=\"https:\/\/bmxlesclayes.fr\/wp-content\/uploads\/2023\/10\/391738518_710770927753637_8512117133700368019_n-1-1024x683.jpg\" alt=\"\" class=\"wp-image-1455\" style=\"aspect-ratio:16\/9;object-fit:cover\" srcset=\"https:\/\/bmxlesclayes.fr\/wp-content\/uploads\/2023\/10\/391738518_710770927753637_8512117133700368019_n-1-1024x683.jpg 1024w, https:\/\/bmxlesclayes.fr\/wp-content\/uploads\/2023\/10\/391738518_710770927753637_8512117133700368019_n-1-300x200.jpg 300w, https:\/\/bmxlesclayes.fr\/wp-content\/uploads\/2023\/10\/391738518_710770927753637_8512117133700368019_n-1-768x512.jpg 768w, https:\/\/bmxlesclayes.fr\/wp-content\/uploads\/2023\/10\/391738518_710770927753637_8512117133700368019_n-1-1536x1024.jpg 1536w, https:\/\/bmxlesclayes.fr\/wp-content\/uploads\/2023\/10\/391738518_710770927753637_8512117133700368019_n-1.jpg 2048w\" sizes=\"auto, (max-width: 1024px) 100vw, 1024px\" \/><\/figure>\n\n\n\n<h2 class=\"wp-block-heading\">R\u00e9gionale Boutigny 2023<\/h2>\n\n\n\n<p>Pour les grands : Aldric, Kylian, Cyran, Adam, Pablo et Ruben repr\u00e9sentaient le club lors de cette 5eme manche de la coupe d\u2019ile de france. Kyllian, Cyran ayant assur\u00e9s les manches se sont heurt\u00e9s au plafond des quarts de finale. Aldric malgr\u00e9 une blessure faite \u00e0 l&rsquo;entra\u00eenement s\u2019est qualifi\u00e9 en \u00bc de finale mais n&rsquo;a pas transform\u00e9 l&rsquo;essai. Adam, lui, a arrach\u00e9 sa place en demi finale mais malheureusement s\u2019est inclin\u00e9 avec honneur en 6eme position Rapha\u00ebl, toujours en embuscade, se voit \u00eatre le 4eme comp\u00e9titeur \u00e0 \u00eatre r\u00e9compens\u00e9 pour la finale de sa cat\u00e9gorie. \u00c9galement en finale de leur cat\u00e9gorie, Pablo 8eme et Ruben qui monte sur le podium avec une superbe 3eme place.<\/p>\n\n\n\n<p>Petit d\u00e9brief pour les Petit et les Cruisers : Leo n&rsquo;a pas pass\u00e9 les manches qualificatives malgr\u00e9 son esprit combatif. Ethan s&rsquo;est inclin\u00e9 en quart de finale malgr\u00e9 de solides manches de qualification. Math\u00e9o, en quart de finale , tout donn\u00e9 et arrach\u00e9 une 6eme place en quart face a ceux qui se verront sacr\u00e9s finaliste du jour . Matheis \u00e0 montr\u00e9 une grande combativit\u00e9, mais \u00e0 \u00e9t\u00e9 \u00e9limin\u00e9s aux portes de la Finale. Agnes s&rsquo;est hiss\u00e9 parmi les 8 meilleurs, impressionnant compte tenu de la taille de ses concurrents. Aldric n&rsquo;a pas pass\u00e9 le manche en cruiser. Raphael a pris la 4\u00e8me place en finale en cruiser. Alexis a survol\u00e9 la qualification malgr\u00e9 une chute, mais a \u00e9t\u00e9 \u00e9limin\u00e9 en quart de finale. Hana\u00e9 s&rsquo;est class\u00e9e 5\u00e8me en finale. Pablo et Nael ont obtenu la 2\u00e8me et la 8\u00e8me place dans une finale disput\u00e9e.<\/p>\n\n\n\n<p>F\u00e9licitations \u00e0 tous pour vos efforts et votre d\u00e9termination !<\/p>\n\n\n\nngg_shortcode_0_placeholder\n\n\n\n<h2 class=\"wp-block-heading\">R\u00e9gionale Montesson 2023<\/h2>\n\n\n\n<p>Voici : le r\u00e9capitulatif de la r\u00e9gionale de Montesson. A offici\u00e9 comme arbitre sur la ligne d&rsquo;arriv\u00e9e : Liam.<\/p>\n\n\n\n<p>&#8211; Sur la 2\u00e8 marche du podium : Pablo Garrido, Manolo et Ruben<\/p>\n\n\n\n<p>&#8211; <a><\/a>Sur la 3\u00e8 marche : notre entra\u00eeneur Rapha\u00ebl (qui \u00e9tait \u00e9galement 4\u00e8 finaliste en cruisers)<\/p>\n\n\n\n<p>&#8211; Finalistes heureux au pied du podium : L\u00e9\u00efa, Na\u00ebl, Hana\u00e9, Agn\u00e8s et Julien notre entra\u00eeneur<\/p>\n\n\n\n<p>Ont atteint les demies : Benjamin, Math\u00e9is, Matt\u00e9o, Adam et Aldric<\/p>\n\n\n\n<p>Se sont illustr\u00e9s en quarts : Killian, Rubens et Cyran.<\/p>\n\n\n\n<p>Ont vaillamment bataill\u00e9 dans les manches qualificatives : Evan, L\u00e9o, Malik, Sasha, Natha\u00ebl, L\u00e9on, Marcel, Nolan, Ethan, Alexis, Rapha\u00ebl Dos Santos, Liam, Adriel et Lola.<\/p>\n\n\n\n<p>Merci \u00e0 nos pilotes d&rsquo;avoir repr\u00e9sent\u00e9 les couleurs du club lors de cette comp\u00e9tition. A bient\u00f4t pour de nouvelles aventures!<\/p>\n\n\n\nngg_shortcode_1_placeholder\n\n\n\n<h2 class=\"wp-block-heading\">R\u00e9gionale Voisins 2023<\/h2>\n\n\n\n<p>A Voisins, sous un soleil radieux, ce fut une belle moisson qui a mis \u00e0 l&rsquo;honneur notre club. Nous comptons 10 finalistes dont la moiti\u00e9 se sont hiss\u00e9s sur le podium :<\/p>\n\n\n\n<p>&#8211; Nicolas et Ama\u00ebl sur la 1\u00e8re marche.<\/p>\n\n\n\n<p>&#8211; Anna\u00e9 Bazin sur la 2\u00e8me.<\/p>\n\n\n\n<p>&#8211; Manolo et Rapha\u00ebl Roullin sur la 3\u00e8me.<\/p>\n\n\n\n<p>Pablo Garrido, L\u00e9\u00efa Balcou, Hugo, Math\u00e9o et Rapha\u00ebl Roullin (cruiser) ont compl\u00e9t\u00e9 ce beau tableau.<\/p>\n\n\n\n<figure class=\"wp-block-image size-large is-resized\"><img loading=\"lazy\" decoding=\"async\" width=\"472\" height=\"1024\" src=\"https:\/\/bmxlesclayes.fr\/wp-content\/uploads\/2023\/10\/386734780_10160734809773904_61188896747485858_n-472x1024.jpg\" alt=\"\" class=\"wp-image-1439\" style=\"aspect-ratio:4\/3;object-fit:cover;width:840px;height:auto\" srcset=\"https:\/\/bmxlesclayes.fr\/wp-content\/uploads\/2023\/10\/386734780_10160734809773904_61188896747485858_n-472x1024.jpg 472w, https:\/\/bmxlesclayes.fr\/wp-content\/uploads\/2023\/10\/386734780_10160734809773904_61188896747485858_n-138x300.jpg 138w, https:\/\/bmxlesclayes.fr\/wp-content\/uploads\/2023\/10\/386734780_10160734809773904_61188896747485858_n-768x1668.jpg 768w, https:\/\/bmxlesclayes.fr\/wp-content\/uploads\/2023\/10\/386734780_10160734809773904_61188896747485858_n-707x1536.jpg 707w, https:\/\/bmxlesclayes.fr\/wp-content\/uploads\/2023\/10\/386734780_10160734809773904_61188896747485858_n.jpg 840w\" sizes=\"auto, (max-width: 472px) 100vw, 472px\" \/><\/figure>\n\n\n<div class=\"wp-block-image\">\n<figure class=\"aligncenter size-full is-resized\"><img loading=\"lazy\" decoding=\"async\" width=\"690\" height=\"690\" src=\"https:\/\/bmxlesclayes.fr\/wp-content\/uploads\/2022\/06\/trophy.jpg\" alt=\"\" class=\"wp-image-1094\" style=\"width:112px;height:112px\" srcset=\"https:\/\/bmxlesclayes.fr\/wp-content\/uploads\/2022\/06\/trophy.jpg 690w, https:\/\/bmxlesclayes.fr\/wp-content\/uploads\/2022\/06\/trophy-300x300.jpg 300w, https:\/\/bmxlesclayes.fr\/wp-content\/uploads\/2022\/06\/trophy-150x150.jpg 150w\" sizes=\"auto, (max-width: 690px) 100vw, 690px\" \/><\/figure>\n<\/div>\n\n\n<p class=\"has-text-align-center\"><strong>R\u00e9sultats Club 2022 :<\/strong><\/p>\n\n\n\n<p class=\"has-text-align-center\"><strong>1er club \u00eele de France, 2nd club du classement Nord-Est et 17\u00e8me club formateur sur 250. Bravo \u00e0 nos pilotes, entraineurs et parents.<\/strong><\/p>\n\n\n\n<p><\/p>\n\n\n\n<h2 class=\"wp-block-heading has-text-align-center\">Agenda pour la saison 2023 :<\/h2>\n\n\n\n<figure class=\"wp-block-image size-large\"><img loading=\"lazy\" decoding=\"async\" width=\"1024\" height=\"593\" src=\"https:\/\/bmxlesclayes.fr\/wp-content\/uploads\/2023\/03\/calendrier1-1024x593.jpg\" alt=\"\" class=\"wp-image-1197\" srcset=\"https:\/\/bmxlesclayes.fr\/wp-content\/uploads\/2023\/03\/calendrier1-1024x593.jpg 1024w, https:\/\/bmxlesclayes.fr\/wp-content\/uploads\/2023\/03\/calendrier1-300x174.jpg 300w, https:\/\/bmxlesclayes.fr\/wp-content\/uploads\/2023\/03\/calendrier1-768x445.jpg 768w, https:\/\/bmxlesclayes.fr\/wp-content\/uploads\/2023\/03\/calendrier1.jpg 1083w\" sizes=\"auto, (max-width: 1024px) 100vw, 1024px\" \/><\/figure>\n\n\n\n<p><\/p>\n\n\n\n<figure class=\"wp-block-image size-large\"><img loading=\"lazy\" decoding=\"async\" width=\"1024\" height=\"596\" src=\"https:\/\/bmxlesclayes.fr\/wp-content\/uploads\/2023\/03\/calendrier2-1024x596.jpg\" alt=\"\" class=\"wp-image-1198\" srcset=\"https:\/\/bmxlesclayes.fr\/wp-content\/uploads\/2023\/03\/calendrier2-1024x596.jpg 1024w, https:\/\/bmxlesclayes.fr\/wp-content\/uploads\/2023\/03\/calendrier2-300x175.jpg 300w, https:\/\/bmxlesclayes.fr\/wp-content\/uploads\/2023\/03\/calendrier2-768x447.jpg 768w, https:\/\/bmxlesclayes.fr\/wp-content\/uploads\/2023\/03\/calendrier2.jpg 1087w\" sizes=\"auto, (max-width: 1024px) 100vw, 1024px\" \/><\/figure>\n\n\n\n<h2 class=\"wp-block-heading\">Coupe d&rsquo;ile de france :<\/h2>\n\n\n\n<figure class=\"wp-block-image size-large\"><img loading=\"lazy\" decoding=\"async\" width=\"1024\" height=\"1024\" src=\"https:\/\/bmxlesclayes.fr\/wp-content\/uploads\/2023\/03\/coupes-IDF-2023-1024x1024.jpg\" alt=\"\" class=\"wp-image-1199\" srcset=\"https:\/\/bmxlesclayes.fr\/wp-content\/uploads\/2023\/03\/coupes-IDF-2023-1024x1024.jpg 1024w, https:\/\/bmxlesclayes.fr\/wp-content\/uploads\/2023\/03\/coupes-IDF-2023-300x300.jpg 300w, https:\/\/bmxlesclayes.fr\/wp-content\/uploads\/2023\/03\/coupes-IDF-2023-150x150.jpg 150w, https:\/\/bmxlesclayes.fr\/wp-content\/uploads\/2023\/03\/coupes-IDF-2023-768x768.jpg 768w, https:\/\/bmxlesclayes.fr\/wp-content\/uploads\/2023\/03\/coupes-IDF-2023-1536x1536.jpg 1536w, https:\/\/bmxlesclayes.fr\/wp-content\/uploads\/2023\/03\/coupes-IDF-2023.jpg 1700w\" sizes=\"auto, (max-width: 1024px) 100vw, 1024px\" \/><\/figure>\n","protected":false},"excerpt":{"rendered":"<p>Halloween cup Compi\u00e8gne 2023 Derni\u00e8re course de la saison 2023 sur la magnifique piste de Compi\u00e8gne pour l&rsquo;halloween cup 20\u00e8me \u00e9dition, un peu de pluie aux essais en d\u00e9but d&rsquo;apr\u00e8s midi puis une belle \u00e9claircie pour le reste de la journ\u00e9e et de la nuit et surtout pas de vent . Malgr\u00e9 les retards et [&hellip;]<\/p>\n","protected":false},"author":1,"featured_media":0,"parent":0,"menu_order":2,"comment_status":"closed","ping_status":"closed","template":"template-fullwidth.php","meta":{"ngg_post_thumbnail":0,"footnotes":""},"class_list":["post-14","page","type-page","status-publish","hentry"],"yoast_head":"<!-- This site is optimized with the Yoast SEO plugin v27.6 - https:\/\/yoast.com\/product\/yoast-seo-wordpress\/ -->\n<title>Comp\u00e9titions - BMX Les Clayes \/ Bois<\/title>\n<meta name=\"robots\" content=\"index, follow, max-snippet:-1, max-image-preview:large, max-video-preview:-1\" \/>\n<link rel=\"canonical\" href=\"https:\/\/bmxlesclayes.fr\/index.php\/competitions\/\" \/>\n<meta property=\"og:locale\" content=\"fr_FR\" \/>\n<meta property=\"og:type\" content=\"article\" \/>\n<meta property=\"og:title\" content=\"Comp\u00e9titions - BMX Les Clayes \/ Bois\" \/>\n<meta property=\"og:description\" content=\"Halloween cup Compi\u00e8gne 2023 Derni\u00e8re course de la saison 2023 sur la magnifique piste de Compi\u00e8gne pour l&rsquo;halloween cup 20\u00e8me \u00e9dition, un peu de pluie aux essais en d\u00e9but d&rsquo;apr\u00e8s midi puis une belle \u00e9claircie pour le reste de la journ\u00e9e et de la nuit et surtout pas de vent . Malgr\u00e9 les retards et [&hellip;]\" \/>\n<meta property=\"og:url\" content=\"https:\/\/bmxlesclayes.fr\/index.php\/competitions\/\" \/>\n<meta property=\"og:site_name\" content=\"BMX Les Clayes \/ Bois\" \/>\n<meta property=\"article:modified_time\" content=\"2023-11-19T17:34:40+00:00\" \/>\n<meta property=\"og:image\" content=\"https:\/\/static.xx.fbcdn.net\/images\/emoji.php\/v9\/t53\/1\/16\/1f605.png\" \/>\n<meta name=\"twitter:card\" content=\"summary_large_image\" \/>\n<meta name=\"twitter:label1\" content=\"Dur\u00e9e de lecture estim\u00e9e\" \/>\n\t<meta name=\"twitter:data1\" content=\"6 minutes\" \/>\n<script type=\"application\/ld+json\" class=\"yoast-schema-graph\">{\"@context\":\"https:\\\/\\\/schema.org\",\"@graph\":[{\"@type\":\"WebPage\",\"@id\":\"https:\\\/\\\/bmxlesclayes.fr\\\/index.php\\\/competitions\\\/\",\"url\":\"https:\\\/\\\/bmxlesclayes.fr\\\/index.php\\\/competitions\\\/\",\"name\":\"Comp\u00e9titions - BMX Les Clayes \\\/ Bois\",\"isPartOf\":{\"@id\":\"https:\\\/\\\/bmxlesclayes.fr\\\/#website\"},\"primaryImageOfPage\":{\"@id\":\"https:\\\/\\\/bmxlesclayes.fr\\\/index.php\\\/competitions\\\/#primaryimage\"},\"image\":{\"@id\":\"https:\\\/\\\/bmxlesclayes.fr\\\/index.php\\\/competitions\\\/#primaryimage\"},\"thumbnailUrl\":\"https:\\\/\\\/static.xx.fbcdn.net\\\/images\\\/emoji.php\\\/v9\\\/t53\\\/1\\\/16\\\/1f605.png\",\"datePublished\":\"2022-02-17T11:07:30+00:00\",\"dateModified\":\"2023-11-19T17:34:40+00:00\",\"breadcrumb\":{\"@id\":\"https:\\\/\\\/bmxlesclayes.fr\\\/index.php\\\/competitions\\\/#breadcrumb\"},\"inLanguage\":\"fr-FR\",\"potentialAction\":[{\"@type\":\"ReadAction\",\"target\":[\"https:\\\/\\\/bmxlesclayes.fr\\\/index.php\\\/competitions\\\/\"]}]},{\"@type\":\"ImageObject\",\"inLanguage\":\"fr-FR\",\"@id\":\"https:\\\/\\\/bmxlesclayes.fr\\\/index.php\\\/competitions\\\/#primaryimage\",\"url\":\"https:\\\/\\\/static.xx.fbcdn.net\\\/images\\\/emoji.php\\\/v9\\\/t53\\\/1\\\/16\\\/1f605.png\",\"contentUrl\":\"https:\\\/\\\/static.xx.fbcdn.net\\\/images\\\/emoji.php\\\/v9\\\/t53\\\/1\\\/16\\\/1f605.png\"},{\"@type\":\"BreadcrumbList\",\"@id\":\"https:\\\/\\\/bmxlesclayes.fr\\\/index.php\\\/competitions\\\/#breadcrumb\",\"itemListElement\":[{\"@type\":\"ListItem\",\"position\":1,\"name\":\"Accueil\",\"item\":\"https:\\\/\\\/bmxlesclayes.fr\\\/\"},{\"@type\":\"ListItem\",\"position\":2,\"name\":\"Comp\u00e9titions\"}]},{\"@type\":\"WebSite\",\"@id\":\"https:\\\/\\\/bmxlesclayes.fr\\\/#website\",\"url\":\"https:\\\/\\\/bmxlesclayes.fr\\\/\",\"name\":\"BMX Les Clayes \\\/ Bois\",\"description\":\"BMX Les Clayes-sous-Bois\",\"publisher\":{\"@id\":\"https:\\\/\\\/bmxlesclayes.fr\\\/#organization\"},\"potentialAction\":[{\"@type\":\"SearchAction\",\"target\":{\"@type\":\"EntryPoint\",\"urlTemplate\":\"https:\\\/\\\/bmxlesclayes.fr\\\/?s={search_term_string}\"},\"query-input\":{\"@type\":\"PropertyValueSpecification\",\"valueRequired\":true,\"valueName\":\"search_term_string\"}}],\"inLanguage\":\"fr-FR\"},{\"@type\":\"Organization\",\"@id\":\"https:\\\/\\\/bmxlesclayes.fr\\\/#organization\",\"name\":\"BMX Les Clayes \\\/ Bois\",\"url\":\"https:\\\/\\\/bmxlesclayes.fr\\\/\",\"logo\":{\"@type\":\"ImageObject\",\"inLanguage\":\"fr-FR\",\"@id\":\"https:\\\/\\\/bmxlesclayes.fr\\\/#\\\/schema\\\/logo\\\/image\\\/\",\"url\":\"https:\\\/\\\/bmxlesclayes.fr\\\/wp-content\\\/uploads\\\/2022\\\/03\\\/cropped-icon-site-2-1.png\",\"contentUrl\":\"https:\\\/\\\/bmxlesclayes.fr\\\/wp-content\\\/uploads\\\/2022\\\/03\\\/cropped-icon-site-2-1.png\",\"width\":1264,\"height\":489,\"caption\":\"BMX Les Clayes \\\/ Bois\"},\"image\":{\"@id\":\"https:\\\/\\\/bmxlesclayes.fr\\\/#\\\/schema\\\/logo\\\/image\\\/\"}}]}<\/script>\n<!-- \/ Yoast SEO plugin. -->","yoast_head_json":{"title":"Comp\u00e9titions - BMX Les Clayes \/ Bois","robots":{"index":"index","follow":"follow","max-snippet":"max-snippet:-1","max-image-preview":"max-image-preview:large","max-video-preview":"max-video-preview:-1"},"canonical":"https:\/\/bmxlesclayes.fr\/index.php\/competitions\/","og_locale":"fr_FR","og_type":"article","og_title":"Comp\u00e9titions - BMX Les Clayes \/ Bois","og_description":"Halloween cup Compi\u00e8gne 2023 Derni\u00e8re course de la saison 2023 sur la magnifique piste de Compi\u00e8gne pour l&rsquo;halloween cup 20\u00e8me \u00e9dition, un peu de pluie aux essais en d\u00e9but d&rsquo;apr\u00e8s midi puis une belle \u00e9claircie pour le reste de la journ\u00e9e et de la nuit et surtout pas de vent . Malgr\u00e9 les retards et [&hellip;]","og_url":"https:\/\/bmxlesclayes.fr\/index.php\/competitions\/","og_site_name":"BMX Les Clayes \/ Bois","article_modified_time":"2023-11-19T17:34:40+00:00","og_image":[{"url":"https:\/\/static.xx.fbcdn.net\/images\/emoji.php\/v9\/t53\/1\/16\/1f605.png","type":"","width":"","height":""}],"twitter_card":"summary_large_image","twitter_misc":{"Dur\u00e9e de lecture estim\u00e9e":"6 minutes"},"schema":{"@context":"https:\/\/schema.org","@graph":[{"@type":"WebPage","@id":"https:\/\/bmxlesclayes.fr\/index.php\/competitions\/","url":"https:\/\/bmxlesclayes.fr\/index.php\/competitions\/","name":"Comp\u00e9titions - BMX Les Clayes \/ Bois","isPartOf":{"@id":"https:\/\/bmxlesclayes.fr\/#website"},"primaryImageOfPage":{"@id":"https:\/\/bmxlesclayes.fr\/index.php\/competitions\/#primaryimage"},"image":{"@id":"https:\/\/bmxlesclayes.fr\/index.php\/competitions\/#primaryimage"},"thumbnailUrl":"https:\/\/static.xx.fbcdn.net\/images\/emoji.php\/v9\/t53\/1\/16\/1f605.png","datePublished":"2022-02-17T11:07:30+00:00","dateModified":"2023-11-19T17:34:40+00:00","breadcrumb":{"@id":"https:\/\/bmxlesclayes.fr\/index.php\/competitions\/#breadcrumb"},"inLanguage":"fr-FR","potentialAction":[{"@type":"ReadAction","target":["https:\/\/bmxlesclayes.fr\/index.php\/competitions\/"]}]},{"@type":"ImageObject","inLanguage":"fr-FR","@id":"https:\/\/bmxlesclayes.fr\/index.php\/competitions\/#primaryimage","url":"https:\/\/static.xx.fbcdn.net\/images\/emoji.php\/v9\/t53\/1\/16\/1f605.png","contentUrl":"https:\/\/static.xx.fbcdn.net\/images\/emoji.php\/v9\/t53\/1\/16\/1f605.png"},{"@type":"BreadcrumbList","@id":"https:\/\/bmxlesclayes.fr\/index.php\/competitions\/#breadcrumb","itemListElement":[{"@type":"ListItem","position":1,"name":"Accueil","item":"https:\/\/bmxlesclayes.fr\/"},{"@type":"ListItem","position":2,"name":"Comp\u00e9titions"}]},{"@type":"WebSite","@id":"https:\/\/bmxlesclayes.fr\/#website","url":"https:\/\/bmxlesclayes.fr\/","name":"BMX Les Clayes \/ Bois","description":"BMX Les Clayes-sous-Bois","publisher":{"@id":"https:\/\/bmxlesclayes.fr\/#organization"},"potentialAction":[{"@type":"SearchAction","target":{"@type":"EntryPoint","urlTemplate":"https:\/\/bmxlesclayes.fr\/?s={search_term_string}"},"query-input":{"@type":"PropertyValueSpecification","valueRequired":true,"valueName":"search_term_string"}}],"inLanguage":"fr-FR"},{"@type":"Organization","@id":"https:\/\/bmxlesclayes.fr\/#organization","name":"BMX Les Clayes \/ Bois","url":"https:\/\/bmxlesclayes.fr\/","logo":{"@type":"ImageObject","inLanguage":"fr-FR","@id":"https:\/\/bmxlesclayes.fr\/#\/schema\/logo\/image\/","url":"https:\/\/bmxlesclayes.fr\/wp-content\/uploads\/2022\/03\/cropped-icon-site-2-1.png","contentUrl":"https:\/\/bmxlesclayes.fr\/wp-content\/uploads\/2022\/03\/cropped-icon-site-2-1.png","width":1264,"height":489,"caption":"BMX Les Clayes \/ Bois"},"image":{"@id":"https:\/\/bmxlesclayes.fr\/#\/schema\/logo\/image\/"}}]}},"_links":{"self":[{"href":"https:\/\/bmxlesclayes.fr\/index.php\/wp-json\/wp\/v2\/pages\/14","targetHints":{"allow":["GET"]}}],"collection":[{"href":"https:\/\/bmxlesclayes.fr\/index.php\/wp-json\/wp\/v2\/pages"}],"about":[{"href":"https:\/\/bmxlesclayes.fr\/index.php\/wp-json\/wp\/v2\/types\/page"}],"author":[{"embeddable":true,"href":"https:\/\/bmxlesclayes.fr\/index.php\/wp-json\/wp\/v2\/users\/1"}],"replies":[{"embeddable":true,"href":"https:\/\/bmxlesclayes.fr\/index.php\/wp-json\/wp\/v2\/comments?post=14"}],"version-history":[{"count":24,"href":"https:\/\/bmxlesclayes.fr\/index.php\/wp-json\/wp\/v2\/pages\/14\/revisions"}],"predecessor-version":[{"id":1524,"href":"https:\/\/bmxlesclayes.fr\/index.php\/wp-json\/wp\/v2\/pages\/14\/revisions\/1524"}],"wp:attachment":[{"href":"https:\/\/bmxlesclayes.fr\/index.php\/wp-json\/wp\/v2\/media?parent=14"}],"curies":[{"name":"wp","href":"https:\/\/api.w.org\/{rel}","templated":true}]}}